{"id":113,"date":"2022-03-31T23:36:42","date_gmt":"2022-03-31T23:36:42","guid":{"rendered":"https:\/\/vita-u.de\/?page_id=113"},"modified":"2024-02-12T20:14:00","modified_gmt":"2024-02-12T19:14:00","slug":"vision","status":"publish","type":"page","link":"https:\/\/u-all.de\/?page_id=113","title":{"rendered":"VISION"},"content":{"rendered":"\n<blockquote class=\"wp-block-quote\">\n<p>Wir m\u00f6chten Kindern, Jugendlichen und jungen Erwachsenen, mit und ohne Behinderung, Unterst\u00fctzung f\u00fcr ihre aktive Entwicklung und Teilnahme am sozialen und kulturellen Leben bieten.<\/p>\n<\/blockquote>\n\n\n\n<blockquote class=\"wp-block-quote\">\n<p>W\u00e4hrend der Projektlaufzeit werden die Teilnehmenden durch ihre Teilnahme an den Workshops und der \u00f6ffentlichen Pr\u00e4sentation ihrer Ergebnisse neue Kontakte kn\u00fcpfen und ihre F\u00e4higkeiten und Ausdrucksm\u00f6glichkeiten kennenlernen.<\/p>\n<\/blockquote>\n\n\n\n<p>Unser Vorhaben richtet sich an Kinder, Jugendliche und junge Erwachsene, die in Deutschland,der Ukraine und anderen L\u00e4ndern aufgewachsen sind. Wir m\u00f6chten jungen Menschen die M\u00f6glichkeit bieten, sich aktiv an kulturellen Projekten in verschiedenen Kunstbereichen zu beteiligen und ihre kreativen Ideen zu verwirklichen \u2013 sei es im Bereich\u00a0<strong>des Filmemachens, des Tanzes, der Musik, des Zeichnens, der Literatur und vielem mehr<\/strong>. <\/p>\n\n\n\n<p>Durch diese Erfahrungen k\u00f6nnen sie nicht nur ihre k\u00fcnstlerischen F\u00e4higkeiten weiterentwickeln, sondern auch lernen, in Teams zusammenzuarbeiten und mit neuen Herausforderungen in ihrer Lebenswelt umzugehen. Unser Projekt strebt danach, Inklusion und Selbstwirksamkeit zu f\u00f6rdern.<\/p>\n","protected":false},"excerpt":{"rendered":"<p>Wir m\u00f6chten Kindern, Jugendlichen und jungen Erwachsenen, mit und ohne Behinderung, Unterst\u00fctzung f\u00fcr ihre aktive Entwicklung und Teilnahme am sozialen und kulturellen Leben bieten. W\u00e4hrend der Projektlaufzeit werden die Teilnehmenden durch ihre Teilnahme an den<\/p>\n","protected":false},"author":3,"featured_media":21,"parent":0,"menu_order":0,"comment_status":"closed","ping_status":"closed","template":"","meta":{"footnotes":""},"_links":{"self":[{"href":"https:\/\/u-all.de\/index.php?rest_route=\/wp\/v2\/pages\/113"}],"collection":[{"href":"https:\/\/u-all.de\/index.php?rest_route=\/wp\/v2\/pages"}],"about":[{"href":"https:\/\/u-all.de\/index.php?rest_route=\/wp\/v2\/types\/page"}],"author":[{"embeddable":true,"href":"https:\/\/u-all.de\/index.php?rest_route=\/wp\/v2\/users\/3"}],"replies":[{"embeddable":true,"href":"https:\/\/u-all.de\/index.php?rest_route=%2Fwp%2Fv2%2Fcomments&post=113"}],"version-history":[{"count":12,"href":"https:\/\/u-all.de\/index.php?rest_route=\/wp\/v2\/pages\/113\/revisions"}],"predecessor-version":[{"id":2013,"href":"https:\/\/u-all.de\/index.php?rest_route=\/wp\/v2\/pages\/113\/revisions\/2013"}],"wp:featuredmedia":[{"embeddable":true,"href":"https:\/\/u-all.de\/index.php?rest_route=\/wp\/v2\/media\/21"}],"wp:attachment":[{"href":"https:\/\/u-all.de\/index.php?rest_route=%2Fwp%2Fv2%2Fmedia&parent=113"}],"curies":[{"name":"wp","href":"https:\/\/api.w.org\/{rel}","templated":true}]}}