{"id":115,"date":"2022-03-31T23:36:54","date_gmt":"2022-03-31T23:36:54","guid":{"rendered":"https:\/\/vita-u.de\/?page_id=115"},"modified":"2022-04-23T08:46:19","modified_gmt":"2022-04-23T08:46:19","slug":"volunteers","status":"publish","type":"page","link":"https:\/\/u-all.de\/?page_id=115","title":{"rendered":"VOLUNTEERS"},"content":{"rendered":"\n<div class=\"wp-block-group alignwide is-layout-flow wp-block-group-is-layout-flow\"><div class=\"wp-block-group__inner-container\">\n<p>Wir kooperieren mit einem gro\u00dfen und wunderbaren Team von k\u00fcnstlerischen, p\u00e4dagogischen und therapeutischen Fachkr\u00e4ften in Hamburg aus aller Welt.<\/p>\n<\/div><\/div>\n\n\n\n<p><\/p>\n","protected":false},"excerpt":{"rendered":"<p>Wir kooperieren mit einem gro\u00dfen und wunderbaren Team von k\u00fcnstlerischen, p\u00e4dagogischen und therapeutischen Fachkr\u00e4ften in Hamburg aus aller Welt.<\/p>\n","protected":false},"author":3,"featured_media":65,"parent":0,"menu_order":0,"comment_status":"closed","ping_status":"closed","template":"","meta":{"footnotes":""},"_links":{"self":[{"href":"https:\/\/u-all.de\/index.php?rest_route=\/wp\/v2\/pages\/115"}],"collection":[{"href":"https:\/\/u-all.de\/index.php?rest_route=\/wp\/v2\/pages"}],"about":[{"href":"https:\/\/u-all.de\/index.php?rest_route=\/wp\/v2\/types\/page"}],"author":[{"embeddable":true,"href":"https:\/\/u-all.de\/index.php?rest_route=\/wp\/v2\/users\/3"}],"replies":[{"embeddable":true,"href":"https:\/\/u-all.de\/index.php?rest_route=%2Fwp%2Fv2%2Fcomments&post=115"}],"version-history":[{"count":5,"href":"https:\/\/u-all.de\/index.php?rest_route=\/wp\/v2\/pages\/115\/revisions"}],"predecessor-version":[{"id":913,"href":"https:\/\/u-all.de\/index.php?rest_route=\/wp\/v2\/pages\/115\/revisions\/913"}],"wp:featuredmedia":[{"embeddable":true,"href":"https:\/\/u-all.de\/index.php?rest_route=\/wp\/v2\/media\/65"}],"wp:attachment":[{"href":"https:\/\/u-all.de\/index.php?rest_route=%2Fwp%2Fv2%2Fmedia&parent=115"}],"curies":[{"name":"wp","href":"https:\/\/api.w.org\/{rel}","templated":true}]}}